{"id":12,"date":"2025-07-30T20:56:48","date_gmt":"2025-07-30T20:56:48","guid":{"rendered":"https:\/\/isa-sk.com\/?page_id=12"},"modified":"2025-09-04T10:55:29","modified_gmt":"2025-09-04T10:55:29","slug":"about","status":"publish","type":"page","link":"https:\/\/isa-sk.com\/de\/about\/","title":{"rendered":"\u00dcber uns"},"content":{"rendered":"<p>[et_pb_section fb_built=&#8221;1&#8243; admin_label=&#8221;Header&#8221; _builder_version=&#8221;4.27.4&#8243; _module_preset=&#8221;8484c018-f559-4bb1-9f17-6edef9a5daa4&#8243; background_image=&#8221;http:\/\/isa-sk.com\/wp-content\/uploads\/2025\/08\/web-2.001.jpeg&#8221; hover_enabled=&#8221;0&#8243; collapsed=&#8221;on&#8221; global_colors_info=&#8221;{}&#8221; max_height=&#8221;469px&#8221; sticky_enabled=&#8221;0&#8243; title_text=&#8221;web 2.001&#8243;][et_pb_row column_structure=&#8221;2_3,1_3&#8243; _builder_version=&#8221;4.27.4&#8243; _module_preset=&#8221;default&#8221; hover_enabled=&#8221;0&#8243; global_colors_info=&#8221;{}&#8221; sticky_enabled=&#8221;0&#8243;][et_pb_column type=&#8221;2_3&#8243; _builder_version=&#8221;4.27.4&#8243; _module_preset=&#8221;default&#8221; global_colors_info=&#8221;{}&#8221;][et_pb_heading title=&#8221;At ISA-SK, we merge Slovak foundations with German-level precision to deliver world-class industrial automation, integration, and engineering solutions.&#8221; _builder_version=&#8221;4.27.4&#8243; _module_preset=&#8221;9d129b18-009f-4c5c-99bd-527e0f07137c&#8221; title_text_color=&#8221;#FFFFFF&#8221; hover_enabled=&#8221;0&#8243; global_colors_info=&#8221;{}&#8221; height=&#8221;313px&#8221; text_shadow_style=&#8221;preset1&#8243; title_font_size=&#8221;29px&#8221; sticky_enabled=&#8221;0&#8243;][\/et_pb_heading][\/et_pb_column][et_pb_column type=&#8221;1_3&#8243; _builder_version=&#8221;4.27.4&#8243; _module_preset=&#8221;default&#8221; global_colors_info=&#8221;{}&#8221;][\/et_pb_column][\/et_pb_row][\/et_pb_section][et_pb_section fb_built=&#8221;1&#8243; admin_label=&#8221;Vision&#8221; _builder_version=&#8221;4.27.4&#8243; _module_preset=&#8221;default&#8221; collapsed=&#8221;on&#8221; global_colors_info=&#8221;{}&#8221;][et_pb_row column_structure=&#8221;3_4,1_4&#8243; _builder_version=&#8221;4.27.4&#8243; _module_preset=&#8221;default&#8221; global_colors_info=&#8221;{}&#8221;][et_pb_column type=&#8221;3_4&#8243; _builder_version=&#8221;4.27.4&#8243; _module_preset=&#8221;default&#8221; global_colors_info=&#8221;{}&#8221;][et_pb_heading title=&#8221;We are a team of experts with deep industry knowledge built through years of successful projects. Our solutions are tailored to the modern needs of industry, combining engineering expertise with responsibility, safety, and continuous improvement.We don\u2019t just deliver projects \u2014 we build long-term partnerships based on trust, reliability, and proven results in Europe\u2019s most competitive sectors.&#8221; _builder_version=&#8221;4.27.4&#8243; _module_preset=&#8221;0a91f028-291c-4520-b769-65e6f87b28b6&#8243; global_colors_info=&#8221;{}&#8221;][\/et_pb_heading][\/et_pb_column][et_pb_column type=&#8221;1_4&#8243; _builder_version=&#8221;4.27.4&#8243; _module_preset=&#8221;default&#8221; global_colors_info=&#8221;{}&#8221;][et_pb_image src=&#8221;http:\/\/isa-sk.com\/wp-content\/uploads\/2025\/07\/handyman-28.jpg&#8221; _builder_version=&#8221;4.27.4&#8243; _module_preset=&#8221;default&#8221; title_text=&#8221;handyman-28&#8243; hover_enabled=&#8221;0&#8243; sticky_enabled=&#8221;0&#8243;][\/et_pb_image][\/et_pb_column][\/et_pb_row][\/et_pb_section][et_pb_section fb_built=&#8221;1&#8243; admin_label=&#8221;Features&#8221; _builder_version=&#8221;4.27.4&#8243; _module_preset=&#8221;c8efd771-fe45-41ad-9b77-4bc7452c3669&#8243; collapsed=&#8221;on&#8221; global_colors_info=&#8221;{}&#8221;][et_pb_row _builder_version=&#8221;4.27.4&#8243; _module_preset=&#8221;default&#8221; global_colors_info=&#8221;{}&#8221;][et_pb_column type=&#8221;4_4&#8243; _builder_version=&#8221;4.27.4&#8243; _module_preset=&#8221;default&#8221; global_colors_info=&#8221;{}&#8221;][et_pb_heading title=&#8221;Qualified &#038; Insured&#8221; _builder_version=&#8221;4.27.4&#8243; _module_preset=&#8221;f09aa513-3e8e-47b9-a099-9e8ca25d4738&#8243; title_text_align=&#8221;center&#8221; global_colors_info=&#8221;{}&#8221;][\/et_pb_heading][\/et_pb_column][\/et_pb_row][et_pb_row column_structure=&#8221;1_3,1_3,1_3&#8243; _builder_version=&#8221;4.27.4&#8243; _module_preset=&#8221;default&#8221; global_colors_info=&#8221;{}&#8221;][et_pb_column type=&#8221;1_3&#8243; _builder_version=&#8221;4.27.4&#8243; _module_preset=&#8221;default&#8221; global_colors_info=&#8221;{}&#8221;][et_pb_blurb title=&#8221;Honesty &#038; Integrity&#8221; use_icon=&#8221;on&#8221; font_icon=&#8221;&#xf164;||fa||900&#8243; icon_color=&#8221;gcid-primary-color&#8221; icon_placement=&#8221;top&#8221; image_icon_width=&#8221;32px&#8221; icon_alignment=&#8221;center&#8221; _builder_version=&#8221;4.27.4&#8243; _module_preset=&#8221;43a3452e-b569-4bc3-b80e-82483be5ede5&#8243; text_orientation=&#8221;center&#8221; global_colors_info=&#8221;{%22gcid-primary-color%22:%91%22body_quote_text_color%22,%22icon_color%22%93}&#8221;]<\/p>\n<p>Ich glaube an ehrliche Kommunikation von Anfang bis Ende. Wir werden Sie stets \u00fcber den Umfang des Projekts informieren.d<\/p>\n<p>[\/et_pb_blurb][\/et_pb_column][et_pb_column type=&#8221;1_3&#8243; _builder_version=&#8221;4.27.4&#8243; _module_preset=&#8221;default&#8221; global_colors_info=&#8221;{}&#8221;][et_pb_blurb title=&#8221;Quality Over Quantity&#8221; use_icon=&#8221;on&#8221; font_icon=&#8221;&#xf058;||fa||900&#8243; icon_color=&#8221;gcid-primary-color&#8221; icon_placement=&#8221;top&#8221; image_icon_width=&#8221;32px&#8221; icon_alignment=&#8221;center&#8221; _builder_version=&#8221;4.27.4&#8243; _module_preset=&#8221;43a3452e-b569-4bc3-b80e-82483be5ede5&#8243; text_orientation=&#8221;center&#8221; locked=&#8221;off&#8221; global_colors_info=&#8221;{%22gcid-primary-color%22:%91%22body_quote_text_color%22,%22icon_color%22%93}&#8221;]<\/p>\n<p>Wir nehmen uns die Zeit, um sicherzustellen, dass jedes Detail perfekt ist, egal ob es sich um eine kleine Reparatur oder eine gr\u00f6\u00dfere Installation handelt.<\/p>\n<p>[\/et_pb_blurb][\/et_pb_column][et_pb_column type=&#8221;1_3&#8243; _builder_version=&#8221;4.27.4&#8243; _module_preset=&#8221;default&#8221; global_colors_info=&#8221;{}&#8221;][et_pb_blurb title=&#8221;Respect for Your Culture&#8221; use_icon=&#8221;on&#8221; font_icon=&#8221;&#xf004;||fa||900&#8243; icon_color=&#8221;gcid-primary-color&#8221; icon_placement=&#8221;top&#8221; image_icon_width=&#8221;32px&#8221; icon_alignment=&#8221;center&#8221; _builder_version=&#8221;4.27.4&#8243; _module_preset=&#8221;43a3452e-b569-4bc3-b80e-82483be5ede5&#8243; text_orientation=&#8221;center&#8221; locked=&#8221;off&#8221; global_colors_info=&#8221;{%22gcid-primary-color%22:%91%22body_quote_text_color%22,%22icon_color%22%93}&#8221;]<\/p>\n<p>Ich verstehe, dass Ihre Kultur Ihr R\u00fcckzugsort ist. Wir behandeln Ihren Raum mit gr\u00f6\u00dftem Respekt und sorgen f\u00fcr minimale Beeintr\u00e4chtigungen w\u00e4hrend meiner Arbeit.<\/p>\n<p>[\/et_pb_blurb][\/et_pb_column][\/et_pb_row][\/et_pb_section][et_pb_section fb_built=&#8221;1&#8243; admin_label=&#8221;Feature&#8221; _builder_version=&#8221;4.27.4&#8243; _module_preset=&#8221;default&#8221; collapsed=&#8221;on&#8221; global_colors_info=&#8221;{}&#8221;][et_pb_row column_structure=&#8221;1_2,1_2&#8243; _builder_version=&#8221;4.27.4&#8243; _module_preset=&#8221;default&#8221; global_colors_info=&#8221;{}&#8221;][et_pb_column type=&#8221;1_2&#8243; _builder_version=&#8221;4.27.4&#8243; _module_preset=&#8221;default&#8221; global_colors_info=&#8221;{}&#8221;][et_pb_image src=&#8221;http:\/\/isa-sk.com\/wp-content\/uploads\/2025\/07\/handyman-02.jpg&#8221; title_text=&#8221;handyman-02&#8243; _builder_version=&#8221;4.27.4&#8243; _module_preset=&#8221;default&#8221; global_colors_info=&#8221;{}&#8221;][\/et_pb_image][\/et_pb_column][et_pb_column type=&#8221;1_2&#8243; _builder_version=&#8221;4.27.4&#8243; _module_preset=&#8221;default&#8221; global_colors_info=&#8221;{}&#8221;][et_pb_text _builder_version=&#8221;4.27.4&#8243; _module_preset=&#8221;8385b370-ba45-48fa-8f24-4ef11675f709&#8243; global_colors_info=&#8221;{}&#8221;]<\/p>\n<p data-start=\"253\" data-end=\"537\">At <strong data-start=\"256\" data-end=\"266\">ISA-SK<\/strong>Wir verbinden slowakisches Know-how mit deutscher Pr\u00e4zision und liefern so erstklassige L\u00f6sungen f\u00fcr industrielle Automatisierung, Integration und Engineering. Seit Jahren genie\u00dfen wir einen hervorragenden Ruf f\u00fcr Expertise, Zuverl\u00e4ssigkeit und Erfolge in den wettbewerbsintensivsten Branchen Europas.<\/p>\n<p data-start=\"539\" data-end=\"837\">Unsere St\u00e4rke liegt in <strong data-start=\"560\" data-end=\"587\">unserer profunden Branchenkenntnis,<\/strong> die wir durch unz\u00e4hlige erfolgreiche Projekte erworben haben, und in unserem Team hochqualifizierter Fachkr\u00e4fte, die sich stetig weiterentwickeln. Jede unserer L\u00f6sungen ist auf die modernen Bed\u00fcrfnisse der Industrie zugeschnitten und gew\u00e4hrleistet Effizienz, Sicherheit und langfristige Leistungsf\u00e4higkeit.<\/p>\n<p data-start=\"839\" data-end=\"1241\">Wir glauben an den Aufbau von mehr als nur Systemen \u2013 wir bauen <strong data-start=\"896\" data-end=\"920\">langfristige Partnerschaften<\/strong>Unsere Kunden vertrauen uns, weil wir uns in allem, was wir tun, zu Verantwortung, Sicherheit und kontinuierlicher Verbesserung verpflichten. Ob es um die Automatisierung von Produktionslinien, die Integration von mechanischen, elektrischen und Softwaresystemen oder die Bereitstellung von Ingenieurberatung geht \u2013 wir bringen Pr\u00e4zision und Innovation in jeden Prozessschritt ein.<\/p>\n<p data-start=\"1243\" data-end=\"1422\">Angetrieben von der Leidenschaft f\u00fcr Exzellenz, verstehen wir uns als <strong data-start=\"1291\" data-end=\"1340\">vertrauensw\u00fcrdiger Partner in den Bereichen Engineering und Automatisierung<\/strong>und helfen Unternehmen dabei, industrielle Herausforderungen in leistungsstarke L\u00f6sungen zu verwandeln.<\/p>\n<p>[\/et_pb_text][\/et_pb_column][\/et_pb_row][\/et_pb_section]<\/p>","protected":false},"excerpt":{"rendered":"<p>I believe in honest communication from start to finish. we\u2019ll always let you know the scope of the project.We take the time to ensure that every detail is perfect, whether it\u2019s a small repair or a major installation.I understand that your culture is your sanctuary. We treat your space with the utmost respect, ensuring minimal [&hellip;]<\/p>","protected":false},"author":1,"featured_media":0,"parent":0,"menu_order":0,"comment_status":"closed","ping_status":"closed","template":"","meta":{"_et_pb_use_builder":"on","_et_pb_old_content":"","_et_gb_content_width":"","footnotes":""},"class_list":["post-12","page","type-page","status-publish","hentry"],"_links":{"self":[{"href":"https:\/\/isa-sk.com\/de\/wp-json\/wp\/v2\/pages\/12","targetHints":{"allow":["GET"]}}],"collection":[{"href":"https:\/\/isa-sk.com\/de\/wp-json\/wp\/v2\/pages"}],"about":[{"href":"https:\/\/isa-sk.com\/de\/wp-json\/wp\/v2\/types\/page"}],"author":[{"embeddable":true,"href":"https:\/\/isa-sk.com\/de\/wp-json\/wp\/v2\/users\/1"}],"replies":[{"embeddable":true,"href":"https:\/\/isa-sk.com\/de\/wp-json\/wp\/v2\/comments?post=12"}],"version-history":[{"count":3,"href":"https:\/\/isa-sk.com\/de\/wp-json\/wp\/v2\/pages\/12\/revisions"}],"predecessor-version":[{"id":179,"href":"https:\/\/isa-sk.com\/de\/wp-json\/wp\/v2\/pages\/12\/revisions\/179"}],"wp:attachment":[{"href":"https:\/\/isa-sk.com\/de\/wp-json\/wp\/v2\/media?parent=12"}],"curies":[{"name":"wp","href":"https:\/\/api.w.org\/{rel}","templated":true}]}}