{"id":10,"date":"2025-07-30T20:56:48","date_gmt":"2025-07-30T20:56:48","guid":{"rendered":"https:\/\/isa-sk.com\/?page_id=10"},"modified":"2025-12-12T09:02:05","modified_gmt":"2025-12-12T09:02:05","slug":"home","status":"publish","type":"page","link":"https:\/\/isa-sk.com\/de\/","title":{"rendered":"Startseite"},"content":{"rendered":"<p>[et_pb_section fb_built=&#8221;1&#8243; admin_label=&#8221;Header&#8221; _builder_version=&#8221;4.27.5&#8243; _module_preset=&#8221;8484c018-f559-4bb1-9f17-6edef9a5daa4&#8243; background_image=&#8221;http:\/\/isa-sk.com\/wp-content\/uploads\/2025\/07\/350880964_150398011271626_5058136287729632899_n.jpg&#8221; height=&#8221;706px&#8221; max_height=&#8221;1000px&#8221; custom_padding=&#8221;||0px||false|false&#8221; box_shadow_style=&#8221;preset7&#8243; box_shadow_horizontal=&#8221;0px&#8221; box_shadow_vertical=&#8221;-70px&#8221; box_shadow_color=&#8221;#FFFFFF&#8221; collapsed=&#8221;on&#8221; global_colors_info=&#8221;{}&#8221;][et_pb_row column_structure=&#8221;2_3,1_3&#8243; _builder_version=&#8221;4.27.5&#8243; _module_preset=&#8221;default&#8221; global_colors_info=&#8221;{}&#8221;][et_pb_column type=&#8221;2_3&#8243; _builder_version=&#8221;4.27.4&#8243; _module_preset=&#8221;default&#8221; global_colors_info=&#8221;{}&#8221;][et_pb_image src=&#8221;http:\/\/isa-sk.com\/wp-content\/uploads\/2025\/09\/isa-sk.png&#8221; title_text=&#8221;isa-sk&#8221; src_tablet=&#8221;http:\/\/isa-sk.com\/wp-content\/uploads\/2025\/09\/isa-sk.png&#8221; src_phone=&#8221;http:\/\/isa-sk.com\/wp-content\/uploads\/2025\/09\/isa-sk.png&#8221; src_last_edited=&#8221;on|desktop&#8221; _builder_version=&#8221;4.27.5&#8243; _module_preset=&#8221;default&#8221; max_width=&#8221;37%&#8221; global_colors_info=&#8221;{}&#8221;][\/et_pb_image][et_pb_heading title=&#8221;Industrial solutions and automation &#8221; _builder_version=&#8221;4.27.4&#8243; _module_preset=&#8221;ae00f81a-b251-454c-95cd-1315a7325df0&#8243; title_text_color=&#8221;#FFFFFF&#8221; global_colors_info=&#8221;{}&#8221;][\/et_pb_heading][et_pb_heading title=&#8221;Engineering Precision in Industrial Automation&#8221; _builder_version=&#8221;4.27.4&#8243; _module_preset=&#8221;9d129b18-009f-4c5c-99bd-527e0f07137c&#8221; title_text_color=&#8221;#FFFFFF&#8221; title_font_size=&#8221;57px&#8221; global_colors_info=&#8221;{}&#8221;][\/et_pb_heading][et_pb_button button_text=&#8221;contact us now !&#8221; _builder_version=&#8221;4.27.4&#8243; _module_preset=&#8221;bd0772ec-d8ca-48e0-a867-01b573344d8c&#8221; button_bg_enable_image=&#8221;off&#8221; global_colors_info=&#8221;{}&#8221;][\/et_pb_button][\/et_pb_column][et_pb_column type=&#8221;1_3&#8243; _builder_version=&#8221;4.27.4&#8243; _module_preset=&#8221;default&#8221; global_colors_info=&#8221;{}&#8221;][\/et_pb_column][\/et_pb_row][\/et_pb_section][et_pb_section fb_built=&#8221;1&#8243; admin_label=&#8221;Services&#8221; _builder_version=&#8221;4.27.4&#8243; _module_preset=&#8221;default&#8221; custom_margin=&#8221;-70px|||||&#8221; collapsed=&#8221;on&#8221; global_colors_info=&#8221;{}&#8221;][et_pb_row _builder_version=&#8221;4.27.4&#8243; _module_preset=&#8221;default&#8221; global_colors_info=&#8221;{}&#8221;][et_pb_column type=&#8221;4_4&#8243; _builder_version=&#8221;4.27.4&#8243; _module_preset=&#8221;default&#8221; global_colors_info=&#8221;{}&#8221;][et_pb_heading title=&#8221;Our Services&#8221; _builder_version=&#8221;4.27.4&#8243; _module_preset=&#8221;f09aa513-3e8e-47b9-a099-9e8ca25d4738&#8243; title_text_align=&#8221;center&#8221; global_colors_info=&#8221;{}&#8221;][\/et_pb_heading][\/et_pb_column][\/et_pb_row][et_pb_row column_structure=&#8221;1_4,1_4,1_4,1_4&#8243; _builder_version=&#8221;4.27.4&#8243; _module_preset=&#8221;default&#8221; global_colors_info=&#8221;{}&#8221;][et_pb_column type=&#8221;1_4&#8243; _builder_version=&#8221;4.27.4&#8243; _module_preset=&#8221;default&#8221; global_colors_info=&#8221;{}&#8221;][et_pb_icon font_icon=&#8221;&#xe035;||divi||400&#8243; _builder_version=&#8221;4.27.4&#8243; _module_preset=&#8221;default&#8221; global_colors_info=&#8221;{}&#8221;][\/et_pb_icon][et_pb_text _builder_version=&#8221;4.27.4&#8243; _module_preset=&#8221;default&#8221; animation_style=&#8221;fade&#8221; global_colors_info=&#8221;{}&#8221;]<\/p>\n<p style=\"text-align: center;\"><strong>Mechanische Montage<\/strong><\/p>\n<p style=\"text-align: center;\">\n<p style=\"text-align: center;\">\n<p style=\"text-align: center;\">Mechanische Installationen von Produktionslinien und -systemen<\/p>\n<p>[\/et_pb_text][\/et_pb_column][et_pb_column type=&#8221;1_4&#8243; _builder_version=&#8221;4.27.4&#8243; _module_preset=&#8221;default&#8221; global_colors_info=&#8221;{}&#8221;][et_pb_icon font_icon=&#8221;&#xf0e7;||fa||900&#8243; _builder_version=&#8221;4.27.4&#8243; _module_preset=&#8221;default&#8221; global_colors_info=&#8221;{}&#8221;][\/et_pb_icon][et_pb_text content_tablet=&#8221;<\/p>\n<p style=\"%22text-align:\" center;%22><strong>Elektrische Montage<\/strong><\/p>\n<p style=\"%22text-align:\" center;%22>Automated system setup &#038; testing<\/p>\n<p>&#8221; content_phone=&#8221;<\/p>\n<p style=\"%22text-align:\" center;%22><strong>Elektrische Montage<\/strong><\/p>\n<p style=\"%22text-align:\" center;%22>Automated system setup &#038; testing<\/p>\n<p>&#8221; content_last_edited=&#8221;on|desktop&#8221; _builder_version=&#8221;4.27.4&#8243; _module_preset=&#8221;default&#8221; animation_style=&#8221;fade&#8221; global_colors_info=&#8221;{}&#8221;]<\/p>\n<p style=\"text-align: center;\"><strong>Elektrische Montage<\/strong><\/p>\n<p style=\"text-align: center;\">\n<p style=\"text-align: center;\">\n<p style=\"text-align: center;\">Elektrische Installationen von kompletten Systemen, Verkabelung und Pr\u00fcfung<\/p>\n<p>[\/et_pb_text][\/et_pb_column][et_pb_column type=&#8221;1_4&#8243; _builder_version=&#8221;4.27.4&#8243; _module_preset=&#8221;default&#8221; global_colors_info=&#8221;{}&#8221;][et_pb_icon font_icon=&#8221;&#xf2db;||fa||900&#8243; _builder_version=&#8221;4.27.4&#8243; _module_preset=&#8221;default&#8221; global_colors_info=&#8221;{}&#8221;][\/et_pb_icon][et_pb_text _builder_version=&#8221;4.27.4&#8243; _module_preset=&#8221;default&#8221; min_height=&#8221;120px&#8221; animation_style=&#8221;fade&#8221; global_colors_info=&#8221;{}&#8221;]<\/p>\n<p style=\"text-align: center;\"><strong>PLC <\/strong><strong>Programmierung\u00a0<\/strong><\/p>\n<p style=\"text-align: center;\">\n<p style=\"text-align: center;\">\n<p style=\"text-align: center;\">Automatisierte Systemeinrichtung, -entwicklung und -integration<\/p>\n<p style=\"text-align: center;\"><strong><\/strong><\/p>\n<p style=\"text-align: center;\"><strong><\/strong><\/p>\n<p>[\/et_pb_text][\/et_pb_column][et_pb_column type=&#8221;1_4&#8243; _builder_version=&#8221;4.27.4&#8243; _module_preset=&#8221;default&#8221; global_colors_info=&#8221;{}&#8221;][et_pb_icon font_icon=&#8221;&#xf058;||fa||900&#8243; _builder_version=&#8221;4.27.4&#8243; _module_preset=&#8221;default&#8221; global_colors_info=&#8221;{}&#8221;][\/et_pb_icon][et_pb_text _builder_version=&#8221;4.27.4&#8243; _module_preset=&#8221;default&#8221; animation_style=&#8221;fade&#8221; global_colors_info=&#8221;{}&#8221;]<\/p>\n<p style=\"text-align: center;\"><strong>Inbetriebnahme &amp; Technik<\/strong><\/p>\n<p style=\"text-align: center;\">Pr\u00fcfung und Systemabstimmung vor Ort<\/p>\n<p>[\/et_pb_text][\/et_pb_column][\/et_pb_row][\/et_pb_section][et_pb_section fb_built=&#8221;1&#8243; _builder_version=&#8221;4.27.4&#8243; _module_preset=&#8221;default&#8221; global_colors_info=&#8221;{}&#8221;][et_pb_row _builder_version=&#8221;4.27.4&#8243; _module_preset=&#8221;default&#8221; width=&#8221;53.3%&#8221; custom_padding=&#8221;|||0px||&#8221; global_colors_info=&#8221;{}&#8221;][et_pb_column type=&#8221;4_4&#8243; _builder_version=&#8221;4.27.4&#8243; _module_preset=&#8221;default&#8221; global_colors_info=&#8221;{}&#8221;][et_pb_heading title=&#8221;Industries We Serve&#8221; _builder_version=&#8221;4.27.4&#8243; _module_preset=&#8221;f09aa513-3e8e-47b9-a099-9e8ca25d4738&#8243; title_text_align=&#8221;center&#8221; width=&#8221;100%&#8221; custom_padding=&#8221;|||2px||&#8221; global_colors_info=&#8221;{}&#8221;][\/et_pb_heading][\/et_pb_column][\/et_pb_row][et_pb_row column_structure=&#8221;1_6,1_6,1_6,1_2&#8243; _builder_version=&#8221;4.27.4&#8243; _module_preset=&#8221;default&#8221; global_colors_info=&#8221;{}&#8221;][et_pb_column type=&#8221;1_6&#8243; _builder_version=&#8221;4.27.4&#8243; _module_preset=&#8221;default&#8221; global_colors_info=&#8221;{}&#8221;][et_pb_icon font_icon=&#8221;&#xf1b9;||fa||900&#8243; icon_width=&#8221;60px&#8221; _builder_version=&#8221;4.27.4&#8243; _module_preset=&#8221;default&#8221; animation_style=&#8221;bounce&#8221; animation_duration=&#8221;500ms&#8221; global_colors_info=&#8221;{}&#8221;][\/et_pb_icon][et_pb_text _builder_version=&#8221;4.27.4&#8243; _module_preset=&#8221;default&#8221; animation_style=&#8221;bounce&#8221; animation_duration=&#8221;500ms&#8221; global_colors_info=&#8221;{}&#8221;]<\/p>\n<p style=\"text-align: center;\">Autoindustrie<\/p>\n<p>[\/et_pb_text][\/et_pb_column][et_pb_column type=&#8221;1_6&#8243; _builder_version=&#8221;4.27.4&#8243; _module_preset=&#8221;default&#8221; global_colors_info=&#8221;{}&#8221;][et_pb_icon font_icon=&#8221;&#xf275;||fa||900&#8243; icon_width=&#8221;60px&#8221; _builder_version=&#8221;4.27.4&#8243; _module_preset=&#8221;default&#8221; animation_style=&#8221;bounce&#8221; global_colors_info=&#8221;{}&#8221;][\/et_pb_icon][et_pb_text _builder_version=&#8221;4.27.4&#8243; _module_preset=&#8221;default&#8221; animation_style=&#8221;bounce&#8221; global_colors_info=&#8221;{}&#8221;]<\/p>\n<p style=\"text-align: center;\">Lebensmittelverarbeitende Industrie<\/p>\n<p>[\/et_pb_text][\/et_pb_column][et_pb_column type=&#8221;1_6&#8243; _builder_version=&#8221;4.27.4&#8243; _module_preset=&#8221;default&#8221; global_colors_info=&#8221;{}&#8221;][et_pb_icon font_icon=&#8221;&#xf49e;||fa||900&#8243; icon_width=&#8221;60px&#8221; _builder_version=&#8221;4.27.4&#8243; _module_preset=&#8221;default&#8221; animation_style=&#8221;bounce&#8221; global_colors_info=&#8221;{}&#8221;][\/et_pb_icon][et_pb_text _builder_version=&#8221;4.27.4&#8243; _module_preset=&#8221;default&#8221; animation_style=&#8221;bounce&#8221; global_colors_info=&#8221;{}&#8221;]<\/p>\n<p style=\"text-align: center;\">Logistikindustrie<\/p>\n<p>[\/et_pb_text][\/et_pb_column][et_pb_column type=&#8221;1_2&#8243; _builder_version=&#8221;4.27.4&#8243; _module_preset=&#8221;default&#8221; global_colors_info=&#8221;{}&#8221;][et_pb_image src=&#8221;http:\/\/isa-sk.com\/wp-content\/uploads\/2025\/08\/web-3.001.jpeg&#8221; title_text=&#8221;web 3.001&#8243; _builder_version=&#8221;4.27.4&#8243; _module_preset=&#8221;default&#8221; global_colors_info=&#8221;{}&#8221;][\/et_pb_image][\/et_pb_column][\/et_pb_row][\/et_pb_section][et_pb_section fb_built=&#8221;1&#8243; _builder_version=&#8221;4.27.4&#8243; _module_preset=&#8221;default&#8221; global_colors_info=&#8221;{}&#8221;][et_pb_row _builder_version=&#8221;4.27.4&#8243; _module_preset=&#8221;default&#8221; global_colors_info=&#8221;{}&#8221;][et_pb_column type=&#8221;4_4&#8243; _builder_version=&#8221;4.27.4&#8243; _module_preset=&#8221;default&#8221; global_colors_info=&#8221;{}&#8221;][et_pb_heading title=&#8221;Who we are&#8221; _builder_version=&#8221;4.27.4&#8243; _module_preset=&#8221;f09aa513-3e8e-47b9-a099-9e8ca25d4738&#8243; title_text_align=&#8221;center&#8221; width=&#8221;100%&#8221; custom_padding=&#8221;|||2px||&#8221; global_colors_info=&#8221;{}&#8221;][\/et_pb_heading][\/et_pb_column][\/et_pb_row][et_pb_row column_structure=&#8221;1_2,1_2&#8243; _builder_version=&#8221;4.27.4&#8243; _module_preset=&#8221;default&#8221; animation_style=&#8221;fade&#8221; global_colors_info=&#8221;{}&#8221;][et_pb_column type=&#8221;1_2&#8243; _builder_version=&#8221;4.27.4&#8243; _module_preset=&#8221;default&#8221; global_colors_info=&#8221;{}&#8221;][et_pb_text _builder_version=&#8221;4.27.4&#8243; _module_preset=&#8221;default&#8221; global_colors_info=&#8221;{}&#8221;]<\/p>\n<p><span>Wir sind eine slowakische Gr\u00fcndung mit deutscher Pr\u00e4zision, die sich auf industrielle Automatisierung, Integration und Engineering spezialisiert hat. Mit jahrzehntelanger Erfahrung und einer Erfolgsbilanz erfolgreicher Projekte bringen wir fundierte Branchenkenntnisse und ma\u00dfgeschneiderte L\u00f6sungen mit, die den Anforderungen der modernen Industrie gerecht werden. Unsere bew\u00e4hrten Ergebnisse in Europas wettbewerbsintensivem Sektor beruhen auf langfristigen Partnerschaften, die auf Vertrauen und Zuverl\u00e4ssigkeit basieren. Unterst\u00fctzt von einem Team hochqualifizierter Fachleute, die sich zu Verantwortung, Sicherheit und kontinuierlicher Verbesserung verpflichtet haben, liefern wir bei jedem Projekt hervorragende Leistungen.<\/span><\/p>\n<p>[\/et_pb_text][\/et_pb_column][et_pb_column type=&#8221;1_2&#8243; _builder_version=&#8221;4.27.4&#8243; _module_preset=&#8221;default&#8221; global_colors_info=&#8221;{}&#8221;][et_pb_image src=&#8221;http:\/\/isa-sk.com\/wp-content\/uploads\/2025\/08\/web-4.001.jpeg&#8221; title_text=&#8221;web 4.001&#8243; _builder_version=&#8221;4.27.4&#8243; _module_preset=&#8221;default&#8221; global_colors_info=&#8221;{}&#8221;][\/et_pb_image][\/et_pb_column][\/et_pb_row][\/et_pb_section][et_pb_section fb_built=&#8221;1&#8243; admin_label=&#8221;Call to Action&#8221; _builder_version=&#8221;4.27.4&#8243; _module_preset=&#8221;8484c018-f559-4bb1-9f17-6edef9a5daa4&#8243; background_image=&#8221;http:\/\/isa-sk.com\/wp-content\/uploads\/2025\/07\/handyman-06.jpg&#8221; parallax=&#8221;on&#8221; custom_padding=&#8221;24vw||||false|false&#8221; collapsed=&#8221;on&#8221; global_colors_info=&#8221;{}&#8221;][et_pb_row column_structure=&#8221;2_3,1_3&#8243; _builder_version=&#8221;4.27.4&#8243; _module_preset=&#8221;default&#8221; border_color_all=&#8221;#FFFFFF&#8221; border_width_top=&#8221;1px&#8221; global_colors_info=&#8221;{}&#8221;][et_pb_column type=&#8221;2_3&#8243; _builder_version=&#8221;4.27.4&#8243; _module_preset=&#8221;default&#8221; global_colors_info=&#8221;{}&#8221;][et_pb_heading title=&#8221;Need Quick Engineering solutions? Let\u2019s Fix It Today!&#8221; _builder_version=&#8221;4.27.4&#8243; _module_preset=&#8221;9d129b18-009f-4c5c-99bd-527e0f07137c&#8221; title_level=&#8221;h2&#8243; title_text_color=&#8221;#FFFFFF&#8221; global_colors_info=&#8221;{}&#8221;][\/et_pb_heading][et_pb_button button_text=&#8221;Get In Touch&#8221; _builder_version=&#8221;4.27.4&#8243; _module_preset=&#8221;bd0772ec-d8ca-48e0-a867-01b573344d8c&#8221; global_colors_info=&#8221;{}&#8221;][\/et_pb_button][et_pb_heading title=&#8221;or Call Now&#8221; _builder_version=&#8221;4.27.4&#8243; _module_preset=&#8221;ae00f81a-b251-454c-95cd-1315a7325df0&#8243; title_text_color=&#8221;#FFFFFF&#8221; global_colors_info=&#8221;{}&#8221;][\/et_pb_heading][et_pb_heading title=&#8221;+421 907 165 515&#8243; _builder_version=&#8221;4.27.4&#8243; _module_preset=&#8221;9feb6a3d-ef07-463a-b943-0c6f0500b78e&#8221; title_text_color=&#8221;#FFFFFF&#8221; global_colors_info=&#8221;{}&#8221;][\/et_pb_heading][\/et_pb_column][et_pb_column type=&#8221;1_3&#8243; _builder_version=&#8221;4.27.4&#8243; _module_preset=&#8221;default&#8221; global_colors_info=&#8221;{}&#8221;][\/et_pb_column][\/et_pb_row][\/et_pb_section][et_pb_section fb_built=&#8221;1&#8243; admin_label=&#8221;Services&#8221; _builder_version=&#8221;4.27.4&#8243; _module_preset=&#8221;3bc757db-8af5-47cb-96b0-80a7e445aabd&#8221; collapsed=&#8221;on&#8221; global_colors_info=&#8221;{}&#8221;][et_pb_row _builder_version=&#8221;4.27.4&#8243; _module_preset=&#8221;default&#8221; global_colors_info=&#8221;{}&#8221;][et_pb_column type=&#8221;4_4&#8243; _builder_version=&#8221;4.27.4&#8243; _module_preset=&#8221;default&#8221; global_colors_info=&#8221;{}&#8221;][et_pb_heading title=&#8221;Everything You Need, All in One Place&#8221; _builder_version=&#8221;4.27.4&#8243; _module_preset=&#8221;f09aa513-3e8e-47b9-a099-9e8ca25d4738&#8243; title_text_align=&#8221;center&#8221; title_text_color=&#8221;#FFFFFF&#8221; global_colors_info=&#8221;{}&#8221;][\/et_pb_heading][\/et_pb_column][\/et_pb_row][et_pb_row column_structure=&#8221;1_3,1_3,1_3&#8243; custom_padding_last_edited=&#8221;on|tablet&#8221; _builder_version=&#8221;4.27.4&#8243; _module_preset=&#8221;default&#8221; custom_padding_tablet=&#8221;||0px||false|false&#8221; custom_padding_phone=&#8221;||0px||false|false&#8221; global_colors_info=&#8221;{}&#8221;][et_pb_column type=&#8221;1_3&#8243; _builder_version=&#8221;4.27.4&#8243; _module_preset=&#8221;default&#8221; global_colors_info=&#8221;{}&#8221;][et_pb_blurb title=&#8221;General Installation&#8221; use_icon=&#8221;on&#8221; font_icon=&#8221;&#xf7d9;||fa||900&#8243; _builder_version=&#8221;4.27.4&#8243; _module_preset=&#8221;3b519f4a-67b7-4245-9fa9-4f32b20684eb&#8221; animation_style=&#8221;fade&#8221; link_option_url=&#8221;#&#8221; global_colors_info=&#8221;{%22gcid-heading-color%22:%91%22header_text_color__hover%22,%22header_text_color__hover%22%93,%22gcid-body-color%22:%91%22body_text_color__hover%22%93}&#8221;][\/et_pb_blurb][\/et_pb_column][et_pb_column type=&#8221;1_3&#8243; _builder_version=&#8221;4.27.4&#8243; _module_preset=&#8221;default&#8221; global_colors_info=&#8221;{}&#8221;][et_pb_blurb title=&#8221;Plumbing&#8221; use_icon=&#8221;on&#8221; font_icon=&#8221;&#xf043;||fa||900&#8243; _builder_version=&#8221;4.27.4&#8243; _module_preset=&#8221;3b519f4a-67b7-4245-9fa9-4f32b20684eb&#8221; animation_style=&#8221;fade&#8221; link_option_url=&#8221;#&#8221; global_colors_info=&#8221;{}&#8221;][\/et_pb_blurb][\/et_pb_column][et_pb_column type=&#8221;1_3&#8243; _builder_version=&#8221;4.27.4&#8243; _module_preset=&#8221;default&#8221; global_colors_info=&#8221;{}&#8221;][et_pb_blurb title=&#8221;Electrical installation&#8221; use_icon=&#8221;on&#8221; font_icon=&#8221;&#xf1e6;||fa||900&#8243; _builder_version=&#8221;4.27.4&#8243; _module_preset=&#8221;3b519f4a-67b7-4245-9fa9-4f32b20684eb&#8221; animation_style=&#8221;fade&#8221; link_option_url=&#8221;#&#8221; locked=&#8221;off&#8221; global_colors_info=&#8221;{}&#8221;][\/et_pb_blurb][\/et_pb_column][\/et_pb_row][et_pb_row column_structure=&#8221;1_3,1_3,1_3&#8243; _builder_version=&#8221;4.27.4&#8243; _module_preset=&#8221;default&#8221; custom_margin=&#8221;-1px|auto||auto||&#8221; global_colors_info=&#8221;{}&#8221;][et_pb_column type=&#8221;1_3&#8243; _builder_version=&#8221;4.27.4&#8243; _module_preset=&#8221;default&#8221; global_colors_info=&#8221;{}&#8221;][et_pb_blurb title=&#8221;Quality engineering&#8221; use_icon=&#8221;on&#8221; font_icon=&#8221;&#xf546;||fa||900&#8243; _builder_version=&#8221;4.27.4&#8243; _module_preset=&#8221;3b519f4a-67b7-4245-9fa9-4f32b20684eb&#8221; animation_style=&#8221;fade&#8221; link_option_url=&#8221;#&#8221; locked=&#8221;off&#8221; global_colors_info=&#8221;{}&#8221;][\/et_pb_blurb][\/et_pb_column][et_pb_column type=&#8221;1_3&#8243; _builder_version=&#8221;4.27.4&#8243; _module_preset=&#8221;default&#8221; global_colors_info=&#8221;{}&#8221;][et_pb_blurb title=&#8221;Appliance Installation&#8221; use_icon=&#8221;on&#8221; font_icon=&#8221;&#xf013;||fa||900&#8243; _builder_version=&#8221;4.27.4&#8243; _module_preset=&#8221;3b519f4a-67b7-4245-9fa9-4f32b20684eb&#8221; animation_style=&#8221;fade&#8221; link_option_url=&#8221;#&#8221; global_colors_info=&#8221;{}&#8221;][\/et_pb_blurb][\/et_pb_column][et_pb_column type=&#8221;1_3&#8243; _builder_version=&#8221;4.27.4&#8243; _module_preset=&#8221;default&#8221; global_colors_info=&#8221;{}&#8221;][et_pb_blurb title=&#8221;PLC Installation&#8221; use_icon=&#8221;on&#8221; font_icon=&#8221;&#xf2db;||fa||900&#8243; _builder_version=&#8221;4.27.4&#8243; _module_preset=&#8221;3b519f4a-67b7-4245-9fa9-4f32b20684eb&#8221; animation_style=&#8221;fade&#8221; link_option_url=&#8221;#&#8221; locked=&#8221;off&#8221; global_colors_info=&#8221;{}&#8221;][\/et_pb_blurb][\/et_pb_column][\/et_pb_row][\/et_pb_section][et_pb_section fb_built=&#8221;1&#8243; admin_label=&#8221;Why Choose Me?&#8221; _builder_version=&#8221;4.27.4&#8243; _module_preset=&#8221;default&#8221; collapsed=&#8221;on&#8221; global_colors_info=&#8221;{}&#8221;][et_pb_row column_structure=&#8221;1_2,1_2&#8243; _builder_version=&#8221;4.27.4&#8243; _module_preset=&#8221;default&#8221; global_colors_info=&#8221;{}&#8221;][et_pb_column type=&#8221;1_2&#8243; _builder_version=&#8221;4.27.4&#8243; _module_preset=&#8221;default&#8221; global_colors_info=&#8221;{}&#8221;][et_pb_heading title=&#8221;Why we&#8217;re the Right partner for You!&#8221; _builder_version=&#8221;4.27.4&#8243; _module_preset=&#8221;f09aa513-3e8e-47b9-a099-9e8ca25d4738&#8243; global_colors_info=&#8221;{}&#8221;][\/et_pb_heading][et_pb_text _builder_version=&#8221;4.27.4&#8243; _module_preset=&#8221;8385b370-ba45-48fa-8f24-4ef11675f709&#8243; global_colors_info=&#8221;{}&#8221;]<\/p>\n<p>Zuverl\u00e4ssig. Kompetent. Vertrauensw\u00fcrdig. Ob es sich um ein kleines Projekt oder eine gro\u00dfe, komplizierte Installation handelt. Wir bringen Fachwissen und Hingabe in jeden Auftrag ein. Lassen Sie es uns richtig machen!<\/p>\n<p>[\/et_pb_text][et_pb_button button_text=&#8221;Get A Free Quote&#8221; _builder_version=&#8221;4.27.4&#8243; _module_preset=&#8221;bd0772ec-d8ca-48e0-a867-01b573344d8c&#8221; global_colors_info=&#8221;{}&#8221;][\/et_pb_button][\/et_pb_column][et_pb_column type=&#8221;1_2&#8243; _builder_version=&#8221;4.27.4&#8243; _module_preset=&#8221;default&#8221; global_colors_info=&#8221;{}&#8221;][et_pb_accordion _builder_version=&#8221;4.27.4&#8243; _module_preset=&#8221;a744841e-c65c-459e-86f2-f3d9ebb9a310&#8243; global_colors_info=&#8221;{%22gcid-primary-color%22:%91%22body_quote_text_color%22,%22quote_text_color%22,%22body_quote_text_color%22,%22quote_text_color%22,%22body_quote_text_color%22,%22quote_text_color%22,%22body_quote_text_color%22,%22quote_text_color%22,%22body_quote_text_color%22,%22quote_text_color%22,%22body_quote_text_color%22,%22quote_text_color%22,%22body_quote_text_color%22,%22quote_text_color%22%93,%22gcid-secondary-color%22:%91%22icon_color%22,%22icon_color%22,%22icon_color%22,%22icon_color%22,%22icon_color%22,%22icon_color%22,%22icon_color%22%93,%22gcid-heading-color%22:%91%22toggle_text_color%22,%22toggle_text_color%22,%22toggle_text_color%22,%22toggle_text_color%22,%22toggle_text_color%22,%22toggle_text_color%22,%22toggle_text_color%22%93,%22gcid-00af8519-940d-4f62-84af-484aba407c29%22:%91%22border_color_all%22,%22border_color_all%22,%22border_color_all%22,%22border_color_all%22,%22border_color_all%22,%22border_color_all%22,%22border_color_all%22%93}&#8221;][et_pb_accordion_item title=&#8221;Experienced &#038; Skilled&#8221; open=&#8221;on&#8221; _builder_version=&#8221;4.27.4&#8243; _module_preset=&#8221;default&#8221; global_colors_info=&#8221;{}&#8221;]<\/p>\n<p>Jahrelange praktische Erfahrung und ein breites Spektrum an F\u00e4higkeiten gew\u00e4hrleisten, dass Ihr Projekt effizient und nach den h\u00f6chsten Standards durchgef\u00fchrt wird.<\/p>\n<p>[\/et_pb_accordion_item][et_pb_accordion_item title=&#8221;Affordable And Transparent Pricing&#8221; _builder_version=&#8221;4.27.4&#8243; _module_preset=&#8221;default&#8221; global_colors_info=&#8221;{}&#8221; open=&#8221;off&#8221;]<\/p>\n<p>Sie erhalten eine klare, transparente Preisgestaltung ohne versteckte Geb\u00fchren. Wir glauben an die Qualit\u00e4t unserer Dienstleistungen zu einem fairen und wettbewerbsf\u00e4higen Preis.<\/p>\n<p>[\/et_pb_accordion_item][et_pb_accordion_item title=&#8221;Dependable and On Time&#8221; _builder_version=&#8221;4.27.4&#8243; _module_preset=&#8221;default&#8221; global_colors_info=&#8221;{}&#8221; open=&#8221;off&#8221;]<\/p>\n<p>Wir respektieren Ihre Zeit. Sie k\u00f6nnen sich darauf verlassen, dass wir p\u00fcnktlich kommen und Ihr Projekt innerhalb des vereinbarten Zeitrahmens abschlie\u00dfen.<\/p>\n<p>[\/et_pb_accordion_item][et_pb_accordion_item title=&#8221;Quality Workmanship&#8221; _builder_version=&#8221;4.27.4&#8243; _module_preset=&#8221;default&#8221; global_colors_info=&#8221;{}&#8221; open=&#8221;off&#8221;]<\/p>\n<p>Die Liebe zum Detail und das Engagement f\u00fcr hervorragende Leistungen bedeuten, dass Ihr Projekt und Ihre Verbesserungen von Dauer sind.<\/p>\n<p>[\/et_pb_accordion_item][et_pb_accordion_item title=&#8221;Customer Satisfaction Guaranteed&#8221; _builder_version=&#8221;4.27.4&#8243; _module_preset=&#8221;default&#8221; global_colors_info=&#8221;{}&#8221; open=&#8221;off&#8221;]Your happiness is our priority. We&#8217;re not satisfied until you are, and we&#8217;ll go the extra mile to ensure you&#8217;re delighted with our work.[\/et_pb_accordion_item][et_pb_accordion_item title=&#8221;All-In-One Service&#8221; _builder_version=&#8221;4.27.4&#8243; _module_preset=&#8221;default&#8221; global_colors_info=&#8221;{}&#8221; open=&#8221;off&#8221;]<\/p>\n<p>Von der kleinen Montage bis zur gro\u00dfen Systeminstallation - wir erledigen alles. Ein Anruf gen\u00fcgt, um Ihr gesamtes Projekt abzuwickeln.<\/p>\n<p>[\/et_pb_accordion_item][\/et_pb_accordion][\/et_pb_column][\/et_pb_row][\/et_pb_section]<\/p>","protected":false},"excerpt":{"rendered":"<p>Mechanical assembly Mechanical installations of \u00a0production line &amp; systemsElectrical assembly Electrical installations of compete systems, cabling &amp; testingPLC Programming\u00a0 Automated system setup, development &amp; integ Commissioning &amp; Engineering Testing &amp; system tuning on-siteAutomotive IndustryFood-Proccessing industryLogistics IndustryWe are a Slovak foundation with German-level precision, specializing in industrial automation, integration, and engineering. With decades of experience and [&hellip;]<\/p>","protected":false},"author":1,"featured_media":0,"parent":0,"menu_order":1,"comment_status":"closed","ping_status":"closed","template":"","meta":{"_et_pb_use_builder":"on","_et_pb_old_content":"","_et_gb_content_width":"","footnotes":""},"class_list":["post-10","page","type-page","status-publish","hentry"],"_links":{"self":[{"href":"https:\/\/isa-sk.com\/de\/wp-json\/wp\/v2\/pages\/10","targetHints":{"allow":["GET"]}}],"collection":[{"href":"https:\/\/isa-sk.com\/de\/wp-json\/wp\/v2\/pages"}],"about":[{"href":"https:\/\/isa-sk.com\/de\/wp-json\/wp\/v2\/types\/page"}],"author":[{"embeddable":true,"href":"https:\/\/isa-sk.com\/de\/wp-json\/wp\/v2\/users\/1"}],"replies":[{"embeddable":true,"href":"https:\/\/isa-sk.com\/de\/wp-json\/wp\/v2\/comments?post=10"}],"version-history":[{"count":30,"href":"https:\/\/isa-sk.com\/de\/wp-json\/wp\/v2\/pages\/10\/revisions"}],"predecessor-version":[{"id":224,"href":"https:\/\/isa-sk.com\/de\/wp-json\/wp\/v2\/pages\/10\/revisions\/224"}],"wp:attachment":[{"href":"https:\/\/isa-sk.com\/de\/wp-json\/wp\/v2\/media?parent=10"}],"curies":[{"name":"wp","href":"https:\/\/api.w.org\/{rel}","templated":true}]}}